{"id":50,"date":"2021-02-12T03:59:09","date_gmt":"2021-02-12T06:59:09","guid":{"rendered":"https:\/\/scum.com.ar\/v3\/?page_id=50"},"modified":"2021-02-13T03:36:04","modified_gmt":"2021-02-13T06:36:04","slug":"novedades","status":"publish","type":"page","link":"https:\/\/scum.com.ar\/v3\/es\/novedades\/","title":{"rendered":"NOVEDADES"},"content":{"rendered":"<ul class=\"wp-block-latest-posts__list has-dates has-author wp-block-latest-posts\"><li><a href=\"https:\/\/scum.com.ar\/v3\/es\/2021\/05\/02\/alertas-de-raid\/\">ALERTAS DE RAID<\/a><div class=\"wp-block-latest-posts__post-author\">por [ADM] SmallTalk<\/div><time datetime=\"2021-05-02T02:36:27-03:00\" class=\"wp-block-latest-posts__post-date\">2 de mayo de 2021<\/time><div class=\"wp-block-latest-posts__post-excerpt\">Por cada muerte con explosivos colocados por tu escuadr\u00f3n recibir\u00e1s un mensaje privado en discord con el nombre de la v\u00edctima y el lugar de su muerte. Esta es una funci\u00f3n de desarrollo propio, \u00fanica en los servidores scum. Para activarla, debes asociar tu cuenta de discord en https:\/\/scum.com.ar\/panel\/account-info. Tambi\u00e9n recomendamos instalar la aplicaci\u00f3n de discord para recibir estos mensajes en tu tel\u00e9fono celular.<\/div><\/li>\n<li><a href=\"https:\/\/scum.com.ar\/v3\/es\/2021\/03\/21\/sistema-de-rating\/\">SISTEMA DE RATING<\/a><div class=\"wp-block-latest-posts__post-author\">por [ADM] SmallTalk<\/div><time datetime=\"2021-03-21T02:27:23-03:00\" class=\"wp-block-latest-posts__post-date\">21 de marzo de 2021<\/time><div class=\"wp-block-latest-posts__post-excerpt\">\u00c9sta es una nueva mec\u00e1nica que incorporamos para el servidor. Por cada d\u00eda que inicie sesi\u00f3n, se le asignar\u00e1n 10 puntos de rating m\u00e1s una cantidad equivalente a los d\u00edas de racha por conexi\u00f3n que tenga. Los dias de racha se pueden encontrar en el panel de usuario. Si eliminas a un jugador, sin usar trampas ni explosivos, se te transferir\u00e1 el 20% de los puntos de rating que tenga tu victima. Los 10 jugadores que se encuentren en el top 10 de jugadores con mas rating tendr\u00e1n acceso a packs unicos y de descuento del mercado. Los puntos de rating se reiniciar\u00e1n el d\u00eda 1 de cada mes.<\/div><\/li>\n<li><a href=\"https:\/\/scum.com.ar\/v3\/es\/2021\/02\/16\/nos-pasamos-a-wordpress\/\">NOS PASAMOS A WORDPRESS<\/a><div class=\"wp-block-latest-posts__post-author\">por [ADM] SmallTalk<\/div><time datetime=\"2021-02-16T04:53:51-03:00\" class=\"wp-block-latest-posts__post-date\">16 de febrero de 2021<\/time><div class=\"wp-block-latest-posts__post-excerpt\">El servidor crece y las necesidades son m\u00e1s. Con motivo de centralizar la informaci\u00f3n del server y discord en un s\u00f3lo lugar, readaptamos nuestra web a wordpress. Esto nos ofrece herramientas de gesti\u00f3n de usuarios para modificar el contenido de la misma. De esta manera, varios usuarios podr\u00e1n cargar informaci\u00f3n a la web, facilitando el mantenimiento. Otra caracter\u00edstica es que podremos entregar cuentas a miembros de la comunidad para que carguen gu\u00edas sobre el juego destinadas a los m\u00e1s nuevos. Adem\u00e1s, para llegar a m\u00e1s usuarios, incorporamos una versi\u00f3n en ingl\u00e9s de la p\u00e1gina y del bot. Seguiremos trabajando en el panel de usuario para llegar a m\u00e1s gente. En el caso de que alguna caracter\u00edstica no funcione y deseen usar la versi\u00f3n anterior de la p\u00e1gina web pueden encontrarla en https:\/\/scum.com.ar\/v2\/<\/div><\/li>\n<li><a href=\"https:\/\/scum.com.ar\/v3\/es\/2021\/01\/25\/tags-para-squads\/\">TAGS PARA SQUADS<\/a><div class=\"wp-block-latest-posts__post-author\">por [ADM] SmallTalk<\/div><time datetime=\"2021-01-25T05:06:00-03:00\" class=\"wp-block-latest-posts__post-date\">25 de enero de 2021<\/time><div class=\"wp-block-latest-posts__post-excerpt\">Consiste en una etiqueta de hasta 4 caracteres que llevar\u00e1 delante del nombre cada miembro del escuadr\u00f3n. De esta manera todos los miembros del equipo estar\u00e1n identificados en el killfeed y en los rankings. La ventaja de esto es que al cambiar de equipo no har\u00e1 falta crear un personaje nuevo con otro nombre. Los tags pueden ser creados, modificados o eliminados unicamente por el lider del escuadr\u00f3n desde el panel de usuario<\/div><\/li>\n<li><a href=\"https:\/\/scum.com.ar\/v3\/es\/2021\/01\/02\/moderadores\/\">MODERADORES<\/a><div class=\"wp-block-latest-posts__post-author\">por [ADM] SmallTalk<\/div><time datetime=\"2021-01-02T05:18:00-03:00\" class=\"wp-block-latest-posts__post-date\">2 de enero de 2021<\/time><div class=\"wp-block-latest-posts__post-excerpt\">Empieza un nuevo a\u00f1o y a la vez m\u00e1s novedades en el server. Hoy presentamos el sistema de moderadores. Consiste en un nuevo rol de los usuarios del panel de administraci\u00f3n. Todos aquellos jugadores que est\u00e9n dispuestos a ser moderadores del chat del juego tendr\u00e1n acceso al historial de chats global y podr\u00e1n silenciar a cualquier jugador t\u00f3xico con la ayuda de nuestro bot. Este rol estar\u00e1 supervisado por la administraci\u00f3n, los cuales se encargar\u00e1n de seleccionar a los miembros mas idoneos de la comunidad para realizar esta importante tarea. Todo aquel que quiera participar deber\u00e1 consultar con los administradores a trav\u00e9s de nuestro discord.<\/div><\/li>\n<li><a href=\"https:\/\/scum.com.ar\/v3\/es\/2021\/01\/01\/mercado-del-bot\/\">MERCADO DEL BOT<\/a><div class=\"wp-block-latest-posts__post-author\">por [ADM] SmallTalk<\/div><time datetime=\"2021-01-01T22:11:00-03:00\" class=\"wp-block-latest-posts__post-date\">1 de enero de 2021<\/time><div class=\"wp-block-latest-posts__post-excerpt\">Ofrecemos un sistema de venta de items a cambio de coins virtuales a trav\u00e9s de nuestra p\u00e1gina web en https:\/\/scum.com.ar\/panel\/market-shop. En este mercado podr\u00e1n encontrar tanto items individuales como packs, sin embargo, no vendemos armas, explosivos ni elementos de raideo. Una vez adquirido el item deben acceder a https:\/\/scum.com.ar\/panel\/market-delivery para recibir el pedido dentro del juego a trav\u00e9s de nuestro bot. Tengan en cuenta que el mercado est\u00e1 regulado por un sistema de stock, por lo que la cantidad de \u00edtems en venta no es ilimitado, el mismo ser\u00e1 actualizado seg\u00fan la oferta y demanda.<\/div><\/li>\n<li><a href=\"https:\/\/scum.com.ar\/v3\/es\/2021\/01\/01\/pack-de-bienvenida\/\">PACK DE BIENVENIDA<\/a><div class=\"wp-block-latest-posts__post-author\">por [ADM] SmallTalk<\/div><time datetime=\"2021-01-01T21:42:00-03:00\" class=\"wp-block-latest-posts__post-date\">1 de enero de 2021<\/time><div class=\"wp-block-latest-posts__post-excerpt\">Ofrecemos un pack de bienvenida para los jugadores nuevos del servidor. El mismo se adquiere desde https:\/\/scum.com.ar\/welcomepack. Una vez adquirido deben acceder a https:\/\/scum.com.ar\/panel\/market-delivery para recibir el pedido dentro del juego.<\/div><\/li>\n<li><a href=\"https:\/\/scum.com.ar\/v3\/es\/2020\/12\/17\/nuevo-diseno-web\/\">NUEVO DISE\u00d1O WEB<\/a><div class=\"wp-block-latest-posts__post-author\">por [ADM] SmallTalk<\/div><time datetime=\"2020-12-17T05:26:00-03:00\" class=\"wp-block-latest-posts__post-date\">17 de diciembre de 2020<\/time><div class=\"wp-block-latest-posts__post-excerpt\">Para apaciguar estos calores de verano le traemos mas frescura a la web. Le cambiamos el dise\u00f1o a la p\u00e1gina principal de scumbion y al panel de administraci\u00f3n. Esperamos que sea de su agrado.<\/div><\/li>\n<li><a href=\"https:\/\/scum.com.ar\/v3\/es\/2020\/12\/15\/wipe-de-vehiculos\/\">WIPE DE VEHICULOS<\/a><div class=\"wp-block-latest-posts__post-author\">por [ADM] SmallTalk<\/div><time datetime=\"2020-12-15T05:27:00-03:00\" class=\"wp-block-latest-posts__post-date\">15 de diciembre de 2020<\/time><div class=\"wp-block-latest-posts__post-excerpt\">El wipe (borrado) de veh\u00edculos lo realizar\u00e1 nuestro bot el d\u00eda 1 de cada mes a las 19:55 (GMT -3) y el respawn de los mismos a las 20:00 (GMT -3). Recuerden no comprar veh\u00edculos los ultimos d\u00edas del mes ya que los mismos no ser\u00e1n repuestos.<\/div><\/li>\n<li><a href=\"https:\/\/scum.com.ar\/v3\/es\/2020\/12\/14\/pagos-por-logins\/\">PAGOS POR LOGINS<\/a><div class=\"wp-block-latest-posts__post-author\">por [ADM] SmallTalk<\/div><time datetime=\"2020-12-14T03:13:00-03:00\" class=\"wp-block-latest-posts__post-date\">14 de diciembre de 2020<\/time><div class=\"wp-block-latest-posts__post-excerpt\">\u00bfSos un miembro activo de la comunidad de scumbion? \u00a1Ahora te lo recompensamos! Por cada d\u00eda que ingreses al server, el sistema te asignar\u00e1 autom\u00e1ticamente patacoins. Si manten\u00e9s la racha el monto aumentar\u00e1 \u00bfQu\u00e9 esper\u00e1s para ingresar?<\/div><\/li>\n<\/ul>","protected":false},"excerpt":{"rendered":"","protected":false},"author":1,"featured_media":0,"parent":0,"menu_order":0,"comment_status":"closed","ping_status":"closed","template":"","meta":[],"_links":{"self":[{"href":"https:\/\/scum.com.ar\/v3\/wp-json\/wp\/v2\/pages\/50"}],"collection":[{"href":"https:\/\/scum.com.ar\/v3\/wp-json\/wp\/v2\/pages"}],"about":[{"href":"https:\/\/scum.com.ar\/v3\/wp-json\/wp\/v2\/types\/page"}],"author":[{"embeddable":true,"href":"https:\/\/scum.com.ar\/v3\/wp-json\/wp\/v2\/users\/1"}],"replies":[{"embeddable":true,"href":"https:\/\/scum.com.ar\/v3\/wp-json\/wp\/v2\/comments?post=50"}],"version-history":[{"count":9,"href":"https:\/\/scum.com.ar\/v3\/wp-json\/wp\/v2\/pages\/50\/revisions"}],"predecessor-version":[{"id":393,"href":"https:\/\/scum.com.ar\/v3\/wp-json\/wp\/v2\/pages\/50\/revisions\/393"}],"wp:attachment":[{"href":"https:\/\/scum.com.ar\/v3\/wp-json\/wp\/v2\/media?parent=50"}],"curies":[{"name":"wp","href":"https:\/\/api.w.org\/{rel}","templated":true}]}}