{"id":40,"date":"2021-02-12T03:56:19","date_gmt":"2021-02-12T06:56:19","guid":{"rendered":"https:\/\/scum.com.ar\/v3\/?page_id=40"},"modified":"2021-02-17T18:23:51","modified_gmt":"2021-02-17T21:23:51","slug":"configuracion","status":"publish","type":"page","link":"https:\/\/scum.com.ar\/v3\/es\/configuracion\/","title":{"rendered":"CONFIGURACI\u00d3N"},"content":{"rendered":"\n<p class=\"has-text-align-center\">La informaci\u00f3n de esta p\u00e1gina se actualiza autom\u00e1ticamente desde G-Portal<\/p>\n\n\n\n<div style=\"height:50px\" aria-hidden=\"true\" class=\"wp-block-spacer\"><\/div>\n\n\n<p><b>Multiplicador de loot interior:<\/b> x1<\/p><p><b>Multiplicador de loot exterior:<\/b> x1.4<\/p><p><b>Tiempo de respawn de loot interior:<\/b> 60min<\/p><p><b>Tiempo de respawn de loot exterior:<\/b> 60min<\/p><p><b>Costo de Spawn aleatorio:<\/b> 20 PF<\/p><p><b>Costo de Spawn en sector:<\/b> 35 PF<\/p><p><b>Costo de Spawn en refugio:<\/b> 50 PF<\/p><p><b>Cantidad de animales:<\/b> 15<\/p><p><b>Cantidad de zombies:<\/b> 40<\/p><p><b>Da\u00f1o de zombies:<\/b> x1<\/p><p><b>Da\u00f1o de centinelas:<\/b> x1<\/p><p><b>Tempo real de 1 d\u00eda:<\/b> 5.4hs<\/p><p><b>Ping m\u00e1ximo:<\/b> 450ms<\/p><p><b>Tiempo de destrucci\u00f3n de construcciones y ba\u00fales:<\/b> 15 d\u00edas<\/p><p><b>Veh\u00edculos spawneados en el servidor:<\/b> 36<\/p><p><b>Tama\u00f1o m\u00e1ximo de grupo:<\/b> 15 jugadores<\/p><p><b>Tiempo de destrucci\u00f3n de cargo drops:<\/b> 20 min<\/p><p><b>Probabilidad de lluvia:<\/b> 20.6%<\/p><p><b>Horarios de reinicio:<\/b> 02Hs. 08Hs. 14Hs. 21Hs. (GMT -3)<\/p>\n\n\n<p>[ads_banner]<\/p>\n","protected":false},"excerpt":{"rendered":"<p>La informaci\u00f3n de esta p\u00e1gina se actualiza autom\u00e1ticamente desde G-Portal<\/p>\n","protected":false},"author":1,"featured_media":0,"parent":0,"menu_order":0,"comment_status":"closed","ping_status":"closed","template":"","meta":[],"_links":{"self":[{"href":"https:\/\/scum.com.ar\/v3\/wp-json\/wp\/v2\/pages\/40"}],"collection":[{"href":"https:\/\/scum.com.ar\/v3\/wp-json\/wp\/v2\/pages"}],"about":[{"href":"https:\/\/scum.com.ar\/v3\/wp-json\/wp\/v2\/types\/page"}],"author":[{"embeddable":true,"href":"https:\/\/scum.com.ar\/v3\/wp-json\/wp\/v2\/users\/1"}],"replies":[{"embeddable":true,"href":"https:\/\/scum.com.ar\/v3\/wp-json\/wp\/v2\/comments?post=40"}],"version-history":[{"count":19,"href":"https:\/\/scum.com.ar\/v3\/wp-json\/wp\/v2\/pages\/40\/revisions"}],"predecessor-version":[{"id":954,"href":"https:\/\/scum.com.ar\/v3\/wp-json\/wp\/v2\/pages\/40\/revisions\/954"}],"wp:attachment":[{"href":"https:\/\/scum.com.ar\/v3\/wp-json\/wp\/v2\/media?parent=40"}],"curies":[{"name":"wp","href":"https:\/\/api.w.org\/{rel}","templated":true}]}}