{"id":343,"date":"2021-02-13T01:27:16","date_gmt":"2021-02-13T04:27:16","guid":{"rendered":"https:\/\/scum.com.ar\/v3\/?page_id=343"},"modified":"2021-03-17T22:05:39","modified_gmt":"2021-03-18T01:05:39","slug":"informacion","status":"publish","type":"page","link":"https:\/\/scum.com.ar\/v3\/es\/informacion\/","title":{"rendered":"INFORMACI\u00d3N"},"content":{"rendered":"\n<div style=\"height:50px\" aria-hidden=\"true\" class=\"wp-block-spacer\"><\/div>\n\n\n\n<p><strong>THE SCUM SHOW <\/strong>es un server en el que buscamos mantener la esencia del juego. Esto lo hacemos minimizando las reglas, manteniendo la configuraci\u00f3n del servidor similar a los oficiales y fomentando acciones fair play.<\/p>\n\n\n\n<p>No olviden que <strong>SCUM <\/strong>es un juego de supervivencia y si bien el PVP es una herramienta mas, no es la \u00fanica forma de divertirse. No sean t\u00f3xicos, ayuden a los nuevos jugadores.<\/p>\n\n\n\n<p>Ofrecemos nuevas mec\u00e1nicas para el juego gracias a nuestra web y a \u00abDEENA\u00bb nuestro bot de desarrollo propio. Contamos con un mercado virtual con stock en tiempo real y mec\u00e1nica de oferta y demanda.<\/p>\n\n\n\n<p>Cualquier jugador tiene acceso a las coins con solo conectarse al servidor, las cuales podr\u00e1n ser utilizadas en nuestro mercado. <\/p>\n\n\n\n<p>Realizamos eventos PVP y de b\u00fasqueda del tesoro donde podr\u00e1n obtener fabulosos premios, asi que, atentos a los anuncios en nuestro Discord!!!<\/p>\n\n\n\n<p>Si bien las donaciones son necesarias para mantener el servidor, tambi\u00e9n buscamos alternativas para solventar estos gastos, por ejemplo, publicando anuncios de terceros en nuestra web. Bajo ning\u00fan concepto les pedimos que visiten los anuncios, sin embargo seria de mucha ayuda que no usen programas de bloqueo de anuncios como adblock.<\/p>\n\n\n\n<p>Queremos recompensar a los jugadores que aporten al servidor, pero al mismo tiempo no queremos que se transforme en un pay to win. Por lo tanto no entregamos armas ni munici\u00f3n a ning\u00fan donador.<\/p>\n\n\n\n<p>Finalmente queremos dejar en claro que bajo ning\u00fan concepto la administraci\u00f3n dar\u00e1 informaci\u00f3n sobre los jugadores o sus cuentas a terceros.<\/p>\n\n\n\n<div style=\"height:50px\" aria-hidden=\"true\" class=\"wp-block-spacer\"><\/div>\n\n\n\n<p><strong><em>\u00a1Diviertanse!<\/em><\/strong><\/p>\n\n\n\n<p><\/p>\n","protected":false},"excerpt":{"rendered":"<p>THE SCUM SHOW es un server en el que buscamos mantener la esencia del juego. Esto lo hacemos minimizando las reglas, manteniendo la configuraci\u00f3n del servidor similar a los oficiales y fomentando acciones fair play. No olviden que SCUM es un juego de supervivencia y si bien el PVP es una herramienta mas, no es la \u00fanica forma de divertirse. No sean t\u00f3xicos, ayuden a los nuevos jugadores. Ofrecemos nuevas mec\u00e1nicas para el juego gracias a nuestra web y a \u00abDEENA\u00bb nuestro bot de desarrollo propio. Contamos con un mercado virtual con stock en tiempo real y mec\u00e1nica de oferta y demanda. Cualquier jugador tiene acceso a las coins con solo conectarse al servidor, las cuales podr\u00e1n ser utilizadas en nuestro mercado. Realizamos eventos PVP y de b\u00fasqueda del tesoro donde podr\u00e1n obtener fabulosos premios, asi que, atentos a los anuncios en nuestro Discord!!! Si bien las donaciones son necesarias para mantener el servidor, tambi\u00e9n buscamos alternativas para solventar estos gastos, por ejemplo, publicando anuncios de terceros en nuestra web. Bajo ning\u00fan concepto les pedimos que visiten los anuncios, sin embargo seria de mucha ayuda que no usen programas de bloqueo de anuncios como adblock. Queremos recompensar a los jugadores que aporten al servidor, pero al mismo tiempo no queremos que se transforme en un pay to win. Por lo tanto no entregamos armas ni munici\u00f3n a ning\u00fan donador. Finalmente queremos dejar en claro que bajo ning\u00fan concepto la administraci\u00f3n dar\u00e1 informaci\u00f3n sobre los jugadores o sus cuentas a terceros. \u00a1Diviertanse!<\/p>\n","protected":false},"author":1,"featured_media":0,"parent":0,"menu_order":0,"comment_status":"closed","ping_status":"closed","template":"","meta":[],"_links":{"self":[{"href":"https:\/\/scum.com.ar\/v3\/wp-json\/wp\/v2\/pages\/343"}],"collection":[{"href":"https:\/\/scum.com.ar\/v3\/wp-json\/wp\/v2\/pages"}],"about":[{"href":"https:\/\/scum.com.ar\/v3\/wp-json\/wp\/v2\/types\/page"}],"author":[{"embeddable":true,"href":"https:\/\/scum.com.ar\/v3\/wp-json\/wp\/v2\/users\/1"}],"replies":[{"embeddable":true,"href":"https:\/\/scum.com.ar\/v3\/wp-json\/wp\/v2\/comments?post=343"}],"version-history":[{"count":17,"href":"https:\/\/scum.com.ar\/v3\/wp-json\/wp\/v2\/pages\/343\/revisions"}],"predecessor-version":[{"id":1654,"href":"https:\/\/scum.com.ar\/v3\/wp-json\/wp\/v2\/pages\/343\/revisions\/1654"}],"wp:attachment":[{"href":"https:\/\/scum.com.ar\/v3\/wp-json\/wp\/v2\/media?parent=343"}],"curies":[{"name":"wp","href":"https:\/\/api.w.org\/{rel}","templated":true}]}}