{"id":152,"date":"2021-02-12T06:52:37","date_gmt":"2021-02-12T09:52:37","guid":{"rendered":"https:\/\/scum.com.ar\/v3\/?page_id=152"},"modified":"2021-03-16T22:27:11","modified_gmt":"2021-03-17T01:27:11","slug":"packbienvenida","status":"publish","type":"page","link":"https:\/\/scum.com.ar\/v3\/es\/packbienvenida\/","title":{"rendered":"WELCOME PACK"},"content":{"rendered":"\n<div style=\"height:20px\" aria-hidden=\"true\" class=\"wp-block-spacer\"><\/div>\n\n\n\n<p>Pida su <strong>Welcome Pack<\/strong> ahora y obtenga los siguientes items:<\/p>\n\n\n\n<div style=\"height:25px\" aria-hidden=\"true\" class=\"wp-block-spacer\"><\/div>\n\n\n\n<div class=\"wp-block-group\"><div class=\"wp-block-group__inner-container\"><div class=\"welcome-pack-item\"><img src=\"https:\/\/scum.com.ar\/api\/media\/img\/items\/12_Gauge_Buckshot_Ammobox.jpg\" alt=\"12_Gauge_Buckshot_Ammobox\" \/><span>x1<\/span><\/div><div class=\"welcome-pack-item\"><img src=\"https:\/\/scum.com.ar\/api\/media\/img\/items\/1H_Small_Axe.jpg\" alt=\"1H_Small_Axe\" \/><span>x1<\/span><\/div><div class=\"welcome-pack-item\"><img src=\"https:\/\/scum.com.ar\/api\/media\/img\/items\/Backpack_01_02.jpg\" alt=\"Backpack_01_02\" \/><span>x1<\/span><\/div><div class=\"welcome-pack-item\"><img src=\"https:\/\/scum.com.ar\/api\/media\/img\/items\/BP_Compass.jpg\" alt=\"BP_Compass\" \/><span>x1<\/span><\/div><div class=\"welcome-pack-item\"><img src=\"https:\/\/scum.com.ar\/api\/media\/img\/items\/BPC_Weapon_M1887_Sawed_off.jpg\" alt=\"BPC_Weapon_M1887_Sawed_off\" \/><span>x1<\/span><\/div><div class=\"welcome-pack-item\"><img src=\"https:\/\/scum.com.ar\/api\/media\/img\/items\/Bulletproof_Vest_01.jpg\" alt=\"Bulletproof_Vest_01\" \/><span>x1<\/span><\/div><div class=\"welcome-pack-item\"><img src=\"https:\/\/scum.com.ar\/api\/media\/img\/items\/Combat_Helmet_02.jpg\" alt=\"Combat_Helmet_02\" \/><span>x1<\/span><\/div><div class=\"welcome-pack-item\"><img src=\"https:\/\/scum.com.ar\/api\/media\/img\/items\/GasLantern.jpg\" alt=\"GasLantern\" \/><span>x1<\/span><\/div><div class=\"welcome-pack-item\"><img src=\"https:\/\/scum.com.ar\/api\/media\/img\/items\/Military_Shirt_01.jpg\" alt=\"Military_Shirt_01\" \/><span>x1<\/span><\/div><div class=\"welcome-pack-item\"><img src=\"https:\/\/scum.com.ar\/api\/media\/img\/items\/MilitaryBoots_JNA.jpg\" alt=\"MilitaryBoots_JNA\" \/><span>x1<\/span><\/div><div class=\"welcome-pack-item\"><img src=\"https:\/\/scum.com.ar\/api\/media\/img\/items\/MilitaryPants_02.jpg\" alt=\"MilitaryPants_02\" \/><span>x1<\/span><\/div><div class=\"welcome-pack-item\"><img src=\"https:\/\/scum.com.ar\/api\/media\/img\/items\/MRE_Stew.jpg\" alt=\"MRE_Stew\" \/><span>x1<\/span><\/div><div class=\"welcome-pack-item\"><img src=\"https:\/\/scum.com.ar\/api\/media\/img\/items\/Night_Vision_Googles.jpg\" alt=\"Night_Vision_Googles\" \/><span>x1<\/span><\/div><div class=\"welcome-pack-item\"><img src=\"https:\/\/scum.com.ar\/api\/media\/img\/items\/Open_Finger_Gloves_01.jpg\" alt=\"Open_Finger_Gloves_01\" \/><span>x1<\/span><\/div><div class=\"welcome-pack-item\"><img src=\"https:\/\/scum.com.ar\/api\/media\/img\/items\/PETBottle03.jpg\" alt=\"PETBottle03\" \/><span>x1<\/span><\/div><div class=\"welcome-pack-item\"><img src=\"https:\/\/scum.com.ar\/api\/media\/img\/items\/Vitamins_03.jpg\" alt=\"Vitamins_03\" \/><span>x1<\/span><\/div>\n\n\n\n<div style=\"height:20px\" aria-hidden=\"true\" class=\"wp-block-spacer\"><\/div>\n\n\n<div class=\"wp-block-buttons\"><div class=\"wp-block-button\"><a href=\"https:\/\/scum.com.ar\/api\/user\/claimWelcomePack.php?lang=ES\" class=\"wp-block-button__link\" onclick=\"return sendLink(this,false,'https:\/\/scum.com.ar\/panel\/market-delivery')\">Reclamar ahora<\/a><\/div><\/div>\n<\/div><\/div>\n\n\n\n<div style=\"height:20px\" aria-hidden=\"true\" class=\"wp-block-spacer\"><\/div>\n\n\n<p><\/p>\n\n\n\n<p>Al presionar en \u00abreclamar ahora\u00bb los art\u00edculos se le asignar\u00e1n a su cuenta. Luego puede solicitar el env\u00edo desde la secci\u00f3n <strong><em>mercado<\/em> <\/strong>&gt; <em><strong>delivery <\/strong><\/em>del <a rel=\"noreferrer noopener\" href=\"https:\/\/scum.com.ar\/panel\/market-delivery\" target=\"_blank\">panel de usuario<\/a>.<\/p>\n\n\n<p>[ads_small]<\/p>\n","protected":false},"excerpt":{"rendered":"<p>Pida su Welcome Pack ahora y obtenga los siguientes items: Al presionar en \u00abreclamar ahora\u00bb los art\u00edculos se le asignar\u00e1n a su cuenta. Luego puede solicitar el env\u00edo desde la secci\u00f3n mercado &gt; delivery del panel de usuario.<\/p>\n","protected":false},"author":1,"featured_media":0,"parent":0,"menu_order":0,"comment_status":"closed","ping_status":"closed","template":"","meta":[],"_links":{"self":[{"href":"https:\/\/scum.com.ar\/v3\/wp-json\/wp\/v2\/pages\/152"}],"collection":[{"href":"https:\/\/scum.com.ar\/v3\/wp-json\/wp\/v2\/pages"}],"about":[{"href":"https:\/\/scum.com.ar\/v3\/wp-json\/wp\/v2\/types\/page"}],"author":[{"embeddable":true,"href":"https:\/\/scum.com.ar\/v3\/wp-json\/wp\/v2\/users\/1"}],"replies":[{"embeddable":true,"href":"https:\/\/scum.com.ar\/v3\/wp-json\/wp\/v2\/comments?post=152"}],"version-history":[{"count":20,"href":"https:\/\/scum.com.ar\/v3\/wp-json\/wp\/v2\/pages\/152\/revisions"}],"predecessor-version":[{"id":1644,"href":"https:\/\/scum.com.ar\/v3\/wp-json\/wp\/v2\/pages\/152\/revisions\/1644"}],"wp:attachment":[{"href":"https:\/\/scum.com.ar\/v3\/wp-json\/wp\/v2\/media?parent=152"}],"curies":[{"name":"wp","href":"https:\/\/api.w.org\/{rel}","templated":true}]}}